{"id":1482,"date":"2019-04-03T21:33:30","date_gmt":"2019-04-03T21:33:30","guid":{"rendered":"http:\/\/wordpress.adolf-koch.de\/?page_id=1482"},"modified":"2022-07-02T00:59:45","modified_gmt":"2022-07-01T22:59:45","slug":"fussball","status":"publish","type":"page","link":"https:\/\/www.adolf-koch.de\/en_gb\/sport\/fussball\/","title":{"rendered":"Soccer"},"content":{"rendered":"<div align=\"right\"><i>Aktualisiert am 02.07.2022<\/i><\/div>\n<p><b>Wird momentan noch <span style=\"color: red;\">nicht<\/span> wieder angeboten.<\/b> <!--Siehe <a href=\"\/kalender\">Kalender<\/a> und <a href=\"\/aktuelles\">Aktuelles<\/a> f\u00fcr alle momentan stattfindenden Sportarten.<\/p>\n\n\n \n\n<p><b>Aufgrund der aktuellen Entwicklung ist bis auf weiteres <span style=\"color: red;\">KEIN Sportbetrieb m\u00f6glich<\/span>. Siehe <a href=\"\/kalender\">Kalender<\/a> f\u00fcr Online-Alternativen.<\/b><\/p>\n\n\n\n\n\n<h4>Corona-Regelungen<\/h4>\n\n\nBitte beachtet unsere <a href=\"\/mitmachen\/corona-regelungen\/\">Corona-Regelungen<\/a>, die f\u00fcr jede Sportart gelten. Mit eurer Anmeldung erkl\u00e4rt ihr, dass ihr diese Regelungen <b>verstanden<\/b> und <b>akzeptiert<\/b> habt.--><br \/>\n<!--\n\n\n<ul>\n\n\n<li><b>Negativer Corona-Test<\/b>:<br \/>Ihr ben\u00f6tigt entweder:\n\n<ul>\n  \n\n<li><i>getestet:<\/i> ein maximal 24h altes <b>negatives<\/b> Testergebnis aus einer <b>PoC-Teststelle<\/b> mit (kostenloser B\u00fcrger-Schnelltest), oder<\/li>\n\n\n  \n\n<li><i>geimpft:<\/i> euren <b>Impfpass<\/b>, falls ihr bereits geimpft seid (die zweite Dosis muss mindestens zwei Wochen zur\u00fcckliegen), oder<\/li>\n\n\n  \n\n<li><i>genesen:<\/i> ein Nachweis \u00fcber ein <b>positives PCR-Testergebnis<\/b> (muss mindestens 28 Tage zur\u00fcckliegen und darf nicht \u00e4lter sein als 6 Monate).\n<\/ul>\n\n\n\n\n<li><b>Teilnehmer*innenzahl<\/b>: Es k\u00f6nnen maximal <b>10 Personen<\/b> teilnehmen.<\/li>\n\n\n\n\n<li><b>Anmeldung<\/b>: Bitte vorher per Email an <a href=\"mailto:fussball@adolf-koch.de\">fussball@adolf-koch.de<\/a> anmelden, ansonsten ist keine Teilnahme m\u00f6glich!<\/b>\n\n\n<li><b>Ankunft<\/b>: Bitte wartet <b>vor<\/b> der Halle, falls ihr schon fr\u00fcher da seien solltet (und haltet dabei den Mindestabstand von <b>1,5 Meter<\/b> ein). Wir gehen gemeinsam hinein.\n\n\n<li><b>Probeteilnahme<\/b>: Ist auf Anfrage per Email m\u00f6glich.\n<\/ul>\n\n\n\n[su_spoiler title=\"Alle weiteren Corona-Regeln zum Aufklappen (klick mich)\" style=\"fancy\" icon=\"arrow-circle-1\"]\n\n<ul>\n\n\n<li><b>Gast-Teilnahme<\/b>: Ist momentan leider nicht m\u00f6glich.\n\n\n<li><b>Best\u00e4tigung deiner Anmeldung<\/b>: Ist die maximale Anzahl an Teilnehmer*innen erreicht (und nur dann!) erh\u00e4ltst du eine E-Mail, dass eine Teilnahme <b>nicht m\u00f6glich<\/b> ist. In diesem Fall wirst du dann f\u00fcr die n\u00e4chste Veranstaltung <b>vorrangig<\/b> behandelt.\n<b>H\u00f6rst du also nichts von uns, kannst du kommen.<\/b>.\n\n\n<li><b>Abstandsregel<\/b>: Es muss <b>jederzeit<\/b> ein Abstand von <b>mind. 1,5 Metern<\/b> eingehalten werden.\nIn den Sportst\u00e4tten sind die Abst\u00e4nde der Sportger\u00e4te entsprechend markiert.\nDer Mindestabstand ist bei <b>allen<\/b> Kontakten zu anderen Menschen, m\u00f6glichst auch <b>im Rahmen des Sportbetriebs<\/b>, dauerhaft einzuhalten (beim Aus\u00fcben von Kontaktsportarten muss der Abstand nicht zwingend eingehalten werden, was auch schwierig ist, wenn wir zum Spielen \u00fcbergehen).\n\n\n<li><b>Umkleiden\/Duschen<\/b>: Die Abstandsregel gilt auch f\u00fcr die Umkleiden-\/Dusch- und Sanit\u00e4rbereiche sowie sonstige Nebenr\u00e4ume. Bei manchen Sportarten sind die Duschen und Umkleiden geschlossen, dann ziehen wir uns im Veranstaltungsraum um (bzw. aus &#x1f60a;).\nAnsonsten sind im Dusch-\/Umkleidebereich maximal 2 Personen erlaubt.\n\n\n<li><b>Gesundheit<\/b>: Bitte komm nur zum Sport, wenn Du keine Erk\u00e4ltungssymptome und keine anderen Symptome hast, die auf eine Corona-Infektion hindeuten k\u00f6nnten.\n\n\n<li><b>Maskenpflicht<\/b>: Ihr m\u00fcsst <b>selbst<\/b> eine Mund-Nasen-Bedeckung mitbringen. Diese ist in <b>geschlossenen R\u00e4umen grunds\u00e4tzlich immer<\/b> zu tragen. Dies gilt allerdings <b>nicht<\/b> f\u00fcr die Sportaus\u00fcbung.\nDie Mund-Nasen-Bedeckung ist bereits <b>vor Betreten des Geb\u00e4udes<\/b> aufzusetzen und solange zu tragen, bis das Geb\u00e4ude wieder verlassen ist oder bis zum Beginn der Sportaus\u00fcbung.\n\n\n<li><b>Hygiene<\/b>: Beim Betreten und Verlassen des Geb\u00e4udes, sowie vor und nach der Benutzung der Sportger\u00e4te m\u00fcssen die H\u00e4nde desinfiziert werden. Das ben\u00f6tigte Desinfektionsmittel wird zur Verf\u00fcgung gestellt.\n\n\n<li><b>K\u00f6rperkontakt<\/b>: K\u00f6rperkontakte sind strikt zu vermeiden, auf Gepflogenheiten des sozialen Miteinanders wie H\u00e4ndesch\u00fctteln, Umarmungen, Abklatschen o.\u00e4. ist zu verzichten.\n\n\n<li><b>Durchl\u00fcftung<\/b>: Wenn keine ausreichende L\u00fcftungsanlage vorhanden, werden wir die R\u00e4ume nach M\u00f6glichkeit  vorher und nachher gr\u00fcndlich l\u00fcften und die Fenster auch w\u00e4hrend der gesamten Veranstaltung ge\u00f6ffnet lassen.\n\n\n<li><b>Anwesenheitsliste<\/b>: Es wird eine Anwesenheitsliste geben, die wir <b>4 Wochen<\/b> aufbewahren m\u00fcssen. Mit Deiner <b>Teilnahme<\/b> erkl\u00e4rst du dich damit <b>einverstanden<\/b>. Bitte stelle sicher, dass uns Deine <b>aktuellen Kontaktdaten<\/b> bekannt sind.\n<\/ul>\n\n\n[\/su_spoiler]\n--><\/p>\n<div class=\"su-divider su-divider-style-default\" style=\"margin:15px 0;border-width:1px;border-color:#999999\"><\/div>\n<h3>Fu\u00dfball<\/h3>\n<div class=\"su-spacer\" style=\"height:15px\"><\/div>\n<div class=\"su-row\"><div class=\"su-column su-column-size-1-2\"><div class=\"su-column-inner su-u-clearfix su-u-trim\">\n<p><strong>Wann: <\/strong><strike>Jeden 1. Sonntag im Monat, 17:00 Uhr \u2013 19:00 Uhr<\/strike><br \/>\n\n<p><b>Zur Zeit kann Fu\u00dfball wegen der Sanierung der Sporthalle nicht stattfinden.<\/b><\/p>\n<p><strong>Wo: <\/strong><a href=\"\/locations\/albrecht-von-graefe-schule\/\">Albrecht-Graefe-Schule<\/a>, Graefestr. 85, 10967 Berlin<\/p>\n<p>F\u00fcr Mitglieder kostenlos. F\u00fcr G\u00e4ste 3\u20ac.<\/p>\n<div class=\"su-divider su-divider-style-default\" style=\"margin:15px 0;border-width:1px;border-color:#999999\"><\/div>\n<strong>Details: <\/strong><\/p>\n<p>In unserer Gruppe spielen Anf\u00e4nger*innen und Fortgeschrittene auf Freizeitniveau. Alle sind willkommen.<\/p>\n<p><strong>Wir spielen nackt. <\/strong> Kniesch\u00fctzer, Schuhe, Torwarthandschuhe und Sport-BH sind nat\u00fcrlich erlaubt.<br \/>\nMitzubringen sind nur (Hallen-)Schuhe, Handtuch und nat\u00fcrlich Spa\u00df am Spiel.<\/p>\n<div class=\"su-divider su-divider-style-default\" style=\"margin:15px 0;border-width:1px;border-color:#999999\"><\/div>\n<p><strong>Kontakt:<\/strong> <a href=\"mailto:fussball@adolf-koch.de\">fussball@adolf-koch.de<\/a> (Julian)<\/p>\n<\/div><\/div> <div class=\"su-column su-column-size-1-2\"><div class=\"su-column-inner su-u-clearfix su-u-trim\">\nngg_shortcode_0_placeholder\n<\/div><\/div><\/div>\n","protected":false},"excerpt":{"rendered":"<p>Not offered again at the moment. Soccer<\/p>","protected":false},"author":1,"featured_media":0,"parent":12,"menu_order":0,"comment_status":"closed","ping_status":"closed","template":"","meta":{"ngg_post_thumbnail":0,"footnotes":"","_links_to":"","_links_to_target":""},"class_list":["post-1482","page","type-page","status-publish","hentry"],"_links":{"self":[{"href":"https:\/\/www.adolf-koch.de\/en_gb\/wp-json\/wp\/v2\/pages\/1482"}],"collection":[{"href":"https:\/\/www.adolf-koch.de\/en_gb\/wp-json\/wp\/v2\/pages"}],"about":[{"href":"https:\/\/www.adolf-koch.de\/en_gb\/wp-json\/wp\/v2\/types\/page"}],"author":[{"embeddable":true,"href":"https:\/\/www.adolf-koch.de\/en_gb\/wp-json\/wp\/v2\/users\/1"}],"replies":[{"embeddable":true,"href":"https:\/\/www.adolf-koch.de\/en_gb\/wp-json\/wp\/v2\/comments?post=1482"}],"version-history":[{"count":43,"href":"https:\/\/www.adolf-koch.de\/en_gb\/wp-json\/wp\/v2\/pages\/1482\/revisions"}],"predecessor-version":[{"id":23986,"href":"https:\/\/www.adolf-koch.de\/en_gb\/wp-json\/wp\/v2\/pages\/1482\/revisions\/23986"}],"up":[{"embeddable":true,"href":"https:\/\/www.adolf-koch.de\/en_gb\/wp-json\/wp\/v2\/pages\/12"}],"wp:attachment":[{"href":"https:\/\/www.adolf-koch.de\/en_gb\/wp-json\/wp\/v2\/media?parent=1482"}],"curies":[{"name":"wp","href":"https:\/\/api.w.org\/{rel}","templated":true}]}}