{"id":1488,"date":"2019-04-03T21:35:11","date_gmt":"2019-04-03T21:35:11","guid":{"rendered":"http:\/\/wordpress.adolf-koch.de\/?page_id=1488"},"modified":"2023-12-19T21:18:32","modified_gmt":"2023-12-19T20:18:32","slug":"gymnastik","status":"publish","type":"page","link":"https:\/\/www.adolf-koch.de\/en_gb\/sport\/gymnastik\/","title":{"rendered":"Gymnastics"},"content":{"rendered":"<div align=\"right\"><i>Aktualisiert am 19.12.2023<\/i><\/div>\n<p><!--\n\n\n<h4>Corona-Regelungen<\/h4>\n\n\nBitte beachtet unsere <a href=\"\/mitmachen\/corona-regelungen\/\">Corona-Regelungen<\/a>, die f\u00fcr jede Sportart gelten. Mit eurer Teilnahme erkl\u00e4rt ihr, dass ihr diese Regelungen <b>verstanden<\/b> und <b>akzeptiert<\/b> habt.\n--><\/p>\n<div class=\"su-divider su-divider-style-default\" style=\"margin:15px 0;border-width:1px;border-color:#999999\"><\/div>\n<h3>Gymnastik<\/h3>\n<div class=\"su-spacer\" style=\"height:15px\"><\/div>\n<div class=\"su-row\"><div class=\"su-column su-column-size-1-2\"><div class=\"su-column-inner su-u-clearfix su-u-trim\">\n<p><strong>Wann:<\/strong> Jeden Samstag, 10:30 Uhr \u2013 11:30 Uhr<br \/>\n\n<p><b>Wo:<\/b> <a href=\"\/locations\/andreas-gymnasium\/\">Andreas Gymnasium<\/a>. Die Turnhalle ist genau Singerstra\u00dfe Ecke Krautstra\u00dfe, Zugang ist von der Singerstra\u00dfe, zwischen Nebengeb\u00e4ude Blumen Grundschule und Turnhalle.<\/p>\n<p><b>Wir turnen nackt.<\/b> F\u00fcr Mitglieder kostenlos. F\u00fcr G\u00e4ste 6\u20ac.<\/p>\n<div class=\"su-divider su-divider-style-default\" style=\"margin:15px 0;border-width:1px;border-color:#999999\"><\/div>\n<strong>Details: <\/strong><\/p>\n<p>Gymnastik: (griechisch: \u03b3\u03c5\u03bc\u03bd\u03b1\u03c3\u03c4\u03b9\u03ba\u03ae [\u03c4\u03ad\u03c7\u03bd\u03b7] gymnastik\u00e9, abgeleitet vom Wort \u03b3\u03c5\u03bc\u03bd\u03cc\u03c2 gymn\u00f3s = \u201enackt\u201c) <\/p>\n<p>Historisches Turnen nach Vorbildern der deutschen Turnerbewegung des sp\u00e4ten 19. und beginnenden 20. Jahrhunderts.<br \/>\nFrei-, Stab-, Hantel- und Keulen\u00fcbungen, nach Aufzeichnungen von Arno Kunath, Pehr Henrik Ling, J.P. M\u00fcller und anderen.<\/p>\n<p>Mit Atemgymnastischen \u00dcbungen nach J.P. M\u00fcller.<\/p>\n<p>Bitte mitbringen:<br \/>\nGro\u00dfes Handtuch und ggf. Duschutensilien<\/p>\n<div class=\"su-divider su-divider-style-default\" style=\"margin:15px 0;border-width:1px;border-color:#999999\"><\/div>\n<p><strong>Kontakt:<\/strong> <a href=\"mailto:gymnastik@adolf-koch.de\">gymnastik@adolf-koch.de<\/a> (<a href=\"\/mitglieder\/olaf\">Olaf<\/a>)<\/p>\n<p><!-- Einlass ab 17:45. Bitte unten klingeln. --><\/p>\n<\/div><\/div> <div class=\"su-column su-column-size-1-2\"><div class=\"su-column-inner su-u-clearfix su-u-trim\">\n<p><!-- &#091;ngg src=\"galleries\" ids=\"9\" display=\"basic_thumbnail\"&#093; --><br \/>\n<a href=\"https:\/\/www.adolf-koch.de\/wp-content\/uploads\/2022\/12\/Gymnastic-sepia.png\"><img loading=\"lazy\" decoding=\"async\" src=\"https:\/\/www.adolf-koch.de\/wp-content\/uploads\/2022\/12\/Gymnastic-sepia-300x300.png\" alt=\"\" width=\"300\" height=\"300\" class=\"aligncenter size-medium wp-image-25435\" srcset=\"https:\/\/www.adolf-koch.de\/wp-content\/uploads\/2022\/12\/Gymnastic-sepia-300x300.png 300w, https:\/\/www.adolf-koch.de\/wp-content\/uploads\/2022\/12\/Gymnastic-sepia-1024x1024.png 1024w, https:\/\/www.adolf-koch.de\/wp-content\/uploads\/2022\/12\/Gymnastic-sepia-150x150.png 150w, https:\/\/www.adolf-koch.de\/wp-content\/uploads\/2022\/12\/Gymnastic-sepia-768x768.png 768w, https:\/\/www.adolf-koch.de\/wp-content\/uploads\/2022\/12\/Gymnastic-sepia-12x12.png 12w, https:\/\/www.adolf-koch.de\/wp-content\/uploads\/2022\/12\/Gymnastic-sepia-1080x1080.png 1080w, https:\/\/www.adolf-koch.de\/wp-content\/uploads\/2022\/12\/Gymnastic-sepia.png 1500w\" sizes=\"(max-width: 300px) 100vw, 300px\" \/><\/a><\/p>\n<\/div><\/div><\/div>\n","protected":false},"excerpt":{"rendered":"<p>Gymnastics<\/p>","protected":false},"author":1,"featured_media":0,"parent":12,"menu_order":0,"comment_status":"closed","ping_status":"closed","template":"","meta":{"ngg_post_thumbnail":0,"footnotes":"","_links_to":"","_links_to_target":""},"class_list":["post-1488","page","type-page","status-publish","hentry"],"_links":{"self":[{"href":"https:\/\/www.adolf-koch.de\/en_gb\/wp-json\/wp\/v2\/pages\/1488"}],"collection":[{"href":"https:\/\/www.adolf-koch.de\/en_gb\/wp-json\/wp\/v2\/pages"}],"about":[{"href":"https:\/\/www.adolf-koch.de\/en_gb\/wp-json\/wp\/v2\/types\/page"}],"author":[{"embeddable":true,"href":"https:\/\/www.adolf-koch.de\/en_gb\/wp-json\/wp\/v2\/users\/1"}],"replies":[{"embeddable":true,"href":"https:\/\/www.adolf-koch.de\/en_gb\/wp-json\/wp\/v2\/comments?post=1488"}],"version-history":[{"count":57,"href":"https:\/\/www.adolf-koch.de\/en_gb\/wp-json\/wp\/v2\/pages\/1488\/revisions"}],"predecessor-version":[{"id":26301,"href":"https:\/\/www.adolf-koch.de\/en_gb\/wp-json\/wp\/v2\/pages\/1488\/revisions\/26301"}],"up":[{"embeddable":true,"href":"https:\/\/www.adolf-koch.de\/en_gb\/wp-json\/wp\/v2\/pages\/12"}],"wp:attachment":[{"href":"https:\/\/www.adolf-koch.de\/en_gb\/wp-json\/wp\/v2\/media?parent=1488"}],"curies":[{"name":"wp","href":"https:\/\/api.w.org\/{rel}","templated":true}]}}