{"id":1494,"date":"2019-04-03T21:36:58","date_gmt":"2019-04-03T21:36:58","guid":{"rendered":"http:\/\/wordpress.adolf-koch.de\/?page_id=1494"},"modified":"2025-08-14T11:54:37","modified_gmt":"2025-08-14T09:54:37","slug":"schwimmen","status":"publish","type":"page","link":"https:\/\/www.adolf-koch.de\/en_gb\/sport\/schwimmen\/","title":{"rendered":"Swimming"},"content":{"rendered":"<div align=\"right\"><i>Aktualisiert am 14.08.2025<\/i><\/div>\n<div class=\"su-divider su-divider-style-default\" style=\"margin:15px 0;border-width:1px;border-color:#999999\"><\/div>\n<h3>Schwimmen<\/h3>\n<div class=\"su-spacer\" style=\"height:15px\"><\/div>\n<div class=\"su-row\"><div class=\"su-column su-column-size-3-4\"><div class=\"su-column-inner su-u-clearfix su-u-trim\">\n<p><span style=\"color: #c70000;\"><b>Achtung: <\/b>Unser Wassersportangebot muss aktuell leider pausieren, weil das Schwimmbad saniert wird.<\/span><br \/>Wir sind auf der Suche nach Ersatz und dankbar f\u00fcr jeden sachdienlichen Hinweis zu einer Zwischenl\u00f6sung. Kennst Du ein \u00f6ffentliches oder privates Berliner Schwimmbecken, das noch Kapazit\u00e4t f\u00fcr unsere nackten Schwimm- und Wassergymnastik-Fans haben k\u00f6nnte? <br \/>Schreib uns gerne an: office@adolf-koch.de<\/span><\/p>\n<p><strike><br \/>\n<strong>Wann:<\/strong> Jeden Dienstag, Gruppe-1: 18:00 Uhr &#8211; 19:00 Uhr, Gruppe-2: 19:00 &#8211; 20:00 Uhr<br \/>\n(Nicht in den Schulferien, bitte <a href=\"\/kalender\/\">Kalender<\/a>\/<a href=\"\/aktuelles\/\">Aktuelles<\/a> beachten)<br \/>\n\n<p><b>Einlass:<\/p>\n<ul>\n<li><\/b>ab 17:50 Uhr f\u00fcr die 1. Stunde\n<li>ab 19:00 Uhr f\u00fcr die 2. Stunde\n<\/ul>\n<p><strong>Wo: <\/strong><a href=\"\/locations\/gustav-meyer-schule\/\">Gustav-Meyer-Schule<\/a><\/p>\n<ul>\n<li>F\u00fcr Mitglieder kostenlos.\n<li>F\u00fcr G\u00e4ste 8\u20ac.\n<li>Gast- und Probeteilnahmen sind m\u00f6glich, wenn freie Pl\u00e4tze vorhanden sind.\n<li>Bitte melde dich als Gast oder f\u00fcr eine Probeteilnahme vorher per E-Mail an: <a data-no-translation href=\"mailto:schwimmen@adolf-koch.de\">schwimmen@adolf-koch.de<\/a>\n<p><!-- \n\n<li>Anmeldung f\u00fcr Vereinsmitglieder \u00fcber die Cloud; f\u00fcr Probe- und Gastteilnehmer*innen <a data-no-translation href=\"mailto:schwimmen@adolf-koch.de\">per E-Mail<\/a> -->\n<\/ul>\n<p><!--Probe- und Gastteilnahmen sind nur nach Ma\u00dfgabe freier Pl\u00e4tze m\u00f6glich. Infos und Anfragen bitte unter: <a data-no-translation href=\"mailto:schwimmen@adolf-koch.de\">schwimmen@adolf-koch.de<\/a>--><\/p>\n<div class=\"su-divider su-divider-style-default\" style=\"margin:15px 0;border-width:1px;border-color:#999999\"><\/div>\n<strong>Details: <\/strong><\/p>\n<p><strong>Wir schwimmen nackt.<\/strong> Im gesamten Bad freies Schwimmen, nur <b>1 Stunde pro Person und Termin<\/b>.<br \/>\nDas Training f\u00fcr eine bessere Schwimmtechnik <b>entf\u00e4llt<\/b> vorerst auf Grund der Abstandsregeln. F\u00fcr ambitioniertere Schwimmer*innen h\u00e4ngen wir jedoch ein Technikprogramm aus, das selbst\u00e4ndig geschwommen werden kann.<br \/>\n<div class=\"su-divider su-divider-style-default\" style=\"margin:15px 0;border-width:1px;border-color:#999999\"><\/div>\n<p><\/strike><\/p>\n<p><strong>Kontakt:<\/strong> <a data-no-translation href=\"mailto:schwimmen@adolf-koch.de\">schwimmen@adolf-koch.de<\/a> (Thomas)<\/p>\n<\/div><\/div> <div class=\"su-column su-column-size-1-4\"><div class=\"su-column-inner su-u-clearfix su-u-trim\">\nngg_shortcode_0_placeholder<\/div><\/div><\/div>\n<!--\n[su_expand more_text=\"<strong>Zus\u00e4tzliche Schwimmtermine f\u00fcr Mitglieder<\/strong>\" height=\"50\" hide_less=\"yes\" link_color=\"#1d49a3\" link_style=\"dotted\" more_icon=\"icon: plus\"]\n[su_divider top=\"no\" size=\"4\"]\n\n<a name=\"freies-schwimmen-sonntag\"><\/a>\n\n\n<h3>Freies Schwimmen<\/h3>\n\n\n[su_spacer size=\"15\"]\n[su_row][su_column size=\"1\/2\" center=\"no\" class=\"\"]\n\n<strong>Wann:<\/strong> Jeden Sonntag, September bis April, 17:30 \u2013 18:30 Uhr[events_list scope=\"2-months\" category=\"kein-schwimmen-saunafreunde-sonntag\" limit=\"1\"], <span style=\"color: #c70000;\">nicht am #_{d.m.}<\/span>\n[\/events_list]\n\n<span style=\"color: #c70000;\">Ab August 2019 f\u00fcr ca. 1&frac12; Jahre geschlossen<\/span>\n\n<strong>Wo: <\/strong><a href=\"\/locations\/paracelsus-bad\/\">Paracelsus-Bad<\/a>\n\n<strong>FKK.<\/strong> Nur f\u00fcr Mitglieder. <span style=\"text: red\">F\u00fcr G\u00e4ste kein Zutritt<\/span>.\n\n[su_divider top=\"no\" size=\"1\"]\n<strong>Details: <\/strong>\nFreies Schwimmen, kein Training, Rettungsschwimmer*in anwesend\nBeckenl\u00e4nge: 25m\nWir sind G\u00e4ste der <a href=\"https:\/\/saunafreunde-berlin.de\/\">Saunafreunde<\/a>\nUnsere Mitglieder zahlen eine Reinigungspauschale von 1\u20ac.\n\n[su_divider top=\"no\" size=\"1\"]\n\n<strong>Kontakt:<\/strong> <a data-no-translation href=\"mailto:schwimmen@adolf-koch.de\">schwimmen@adolf-koch.de<\/a>\n\n[\/su_column] [su_column size=\"1\/2\" center=\"no\" class=\"\"]\n\n[\/su_column][\/su_row]\n\n[su_divider top=\"no\" size=\"3\"]\n\n<a name=\"freies-schwimmen-dienstag\"><\/a>\n\n\n<h3>Freies Schwimmen<\/h3>\n\n\n[su_spacer size=\"15\"]\n[su_row][su_column size=\"1\/2\" center=\"no\" class=\"\"]\n\n<strong>Wann:<\/strong> Jeden Dienstag, 20:45 Uhr \u2013 21:30 Uhr\n\n<span style=\"color: #c70000;\">entf\u00e4llt leider bis auf Weiteres<\/span>\n\n<strong>Wo: <\/strong><a href=\"\/locations\/toulouse-lautrec-schule\/\">Toulouse-Lautrec-Schule<\/a>\n\nFKK. Nur f\u00fcr Mitglieder. <span style=\"text: red\">F\u00fcr G\u00e4ste kein Zutritt<\/span>.\n\n[su_divider top=\"no\" size=\"1\"]\n<strong>Details: <\/strong>\n\nFreies Schwimmen, kein Training, Rettungschwimmer*in anwesend.\nBeckenl\u00e4nge: 12,5m, Tiefe: 1,35m\n\n[su_divider top=\"no\" size=\"1\"]\n\n<strong>Kontakt:<\/strong> <a data-no-translation href=\"mailto:schwimmen@adolf-koch.de\">schwimmen@adolf-koch.de<\/a>\n\n[\/su_column] [su_column size=\"1\/2\" center=\"no\" class=\"\"]\n\n[\/su_column]\n[\/su_row]\n\n[\/su_expand] --><\/p>\n","protected":false},"excerpt":{"rendered":"<p>Swimming<\/p>","protected":false},"author":1,"featured_media":0,"parent":12,"menu_order":0,"comment_status":"closed","ping_status":"closed","template":"","meta":{"ngg_post_thumbnail":0,"footnotes":"","_links_to":"","_links_to_target":""},"class_list":["post-1494","page","type-page","status-publish","hentry"],"_links":{"self":[{"href":"https:\/\/www.adolf-koch.de\/en_gb\/wp-json\/wp\/v2\/pages\/1494"}],"collection":[{"href":"https:\/\/www.adolf-koch.de\/en_gb\/wp-json\/wp\/v2\/pages"}],"about":[{"href":"https:\/\/www.adolf-koch.de\/en_gb\/wp-json\/wp\/v2\/types\/page"}],"author":[{"embeddable":true,"href":"https:\/\/www.adolf-koch.de\/en_gb\/wp-json\/wp\/v2\/users\/1"}],"replies":[{"embeddable":true,"href":"https:\/\/www.adolf-koch.de\/en_gb\/wp-json\/wp\/v2\/comments?post=1494"}],"version-history":[{"count":91,"href":"https:\/\/www.adolf-koch.de\/en_gb\/wp-json\/wp\/v2\/pages\/1494\/revisions"}],"predecessor-version":[{"id":27734,"href":"https:\/\/www.adolf-koch.de\/en_gb\/wp-json\/wp\/v2\/pages\/1494\/revisions\/27734"}],"up":[{"embeddable":true,"href":"https:\/\/www.adolf-koch.de\/en_gb\/wp-json\/wp\/v2\/pages\/12"}],"wp:attachment":[{"href":"https:\/\/www.adolf-koch.de\/en_gb\/wp-json\/wp\/v2\/media?parent=1494"}],"curies":[{"name":"wp","href":"https:\/\/api.w.org\/{rel}","templated":true}]}}