{"id":28087,"date":"2026-01-05T00:18:43","date_gmt":"2026-01-04T23:18:43","guid":{"rendered":"https:\/\/www.adolf-koch.de\/?page_id=28087"},"modified":"2026-02-17T13:13:01","modified_gmt":"2026-02-17T12:13:01","slug":"pickleball","status":"publish","type":"page","link":"https:\/\/www.adolf-koch.de\/en_gb\/sport\/pickleball\/","title":{"rendered":"Pickleball"},"content":{"rendered":"<div align=\"right\"><i>Updated on 17.02.2026<\/i><\/div>\n<div class=\"su-divider su-divider-style-default\" style=\"margin:15px 0;border-width:1px;border-color:#999999\"><\/div>\n<h3>Pickleball<\/h3>\n<div class=\"su-spacer\" style=\"height:15px\"><\/div>\n<div class=\"su-row\"><div class=\"su-column su-column-size-2-3\"><div class=\"su-column-inner su-u-clearfix su-u-trim\">\n<p><strong>When?<\/strong> Every Thursday, 8:00 PM \u2013 9:30 PM, next meeting on Thursday, April 23rd.\n<p><strong>Where? <\/strong><a href=\"\/en_gb\/locations\/max-schmeling-halle\/\" data-no-auto-translation=\"\">Max-Schmeling-Halle<\/a>, Fitness and gymnastics room<\/p>\n<ul>\n<li>Free for members.\n<li><span style=\"text: red;\">For <b>Guests are not allowed<\/b><\/span>.\n<li><a href=\"\/en_gb\/mitmachen\/probeteilnahme\/\" data-no-auto-translation=\"\">trial participation<\/a> possible.<br \/>\n<!--\n\n<li>Bitte melde dich f\u00fcr eine Probeteilnahme vorher per E-Mail an: <a data-no-translation href=\"mailto:yoga2@adolf-koch.de\">yoga2@adolf-koch.de<\/a>-->\n<\/ul>\n<p><!--Keine Probe- und Gastteilnahme m\u00f6glich.--><\/p>\n<div class=\"su-divider su-divider-style-default\" style=\"margin:15px 0;border-width:1px;border-color:#999999\"><\/div>\n<strong>Details: <\/strong><\/p>\n<p>We play pickleball naked. It&#039;s a racket sport with a net that combines elements of tennis, badminton, and table tennis. It&#039;s played by two or four people using a large table tennis racket and a perforated plastic ball. It&#039;s considered easy to learn and therefore suitable for many ages and skill levels.<\/p>\n<p>Please <!--meldet euch bis sp\u00e4testens 2 Stunden vorher bei Tobias an und--> Please bring sneakers with clean, light-colored soles or non-slip socks. All other equipment will be provided on site.<br \/>\nWe will meet in front of the hall entrance at the northeast corner of the hall (near Gaudystr.) and go in together.<br \/>\n<div class=\"su-divider su-divider-style-default\" style=\"margin:15px 0;border-width:1px;border-color:#999999\"><\/div>\n<p><strong>Contact:<\/strong> <a href=\"mailto:tobias@adolf-koch.de\" data-no-translation=\"\" data-no-auto-translation=\"\">tobias@adolf-koch.de<\/a><\/p>\n<p><!--Abgesehen von einer Unterbrechung w\u00e4hrend der Sommerferien, findet der Yogakurs ganzj\u00e4hrig statt. Urlaubs-, fortbildungs- oder gesundheitsbedingte Unterbrechungen sind trotzdem nicht ausgeschlossen. Au\u00dferdem beh\u00e4lt sich der Betreiber vor, im Rahmen von Events den Raum an Fremdnutzer zu vergeben. Bitte schau in den <a href=\"\/kalender\/\">Kalender<\/a> \/ die <a href=\"\/aktuelles\/\">Aktuelles<\/a>-Seite.--><\/p>\n<p><!--<b>Einlass<\/b>: Wir treffen uns um <b>19:45 Uhr<\/b> drau\u00dfen <b>vor<\/b> der Halle (vor dem Eingang, der der Gaudystr. am n\u00e4chsten ist) und gehen dann ca. 5 Minuten sp\u00e4ter gemeinsam rein. Beginn p\u00fcnktlich um 20:00.\nBitte mitbringen: Yoga-Matte und evtl. ein gro\u00dfes Handtuch.--><\/p>\n<\/div><\/div><div class=\"su-column su-column-size-1-3\"><div class=\"su-column-inner su-u-clearfix su-u-trim\">\n<a href=\"http:\/\/www.adolf-koch.de\/wp-content\/uploads\/2026\/01\/a_pickleball_paddle_with_two_pickleballs-scaled.jpg\" data-no-auto-translation=\"\"><img loading=\"lazy\" decoding=\"async\" src=\"http:\/\/www.adolf-koch.de\/wp-content\/uploads\/2026\/01\/a_pickleball_paddle_with_two_pickleballs-195x300.jpg\" alt=\"Pickleball paddle with two pickleballs\" width=\"195\" height=\"300\" class=\"alignnone size-medium wp-image-28092\" srcset=\"https:\/\/www.adolf-koch.de\/wp-content\/uploads\/2026\/01\/a_pickleball_paddle_with_two_pickleballs-195x300.jpg 195w, https:\/\/www.adolf-koch.de\/wp-content\/uploads\/2026\/01\/a_pickleball_paddle_with_two_pickleballs-666x1024.jpg 666w, https:\/\/www.adolf-koch.de\/wp-content\/uploads\/2026\/01\/a_pickleball_paddle_with_two_pickleballs-768x1181.jpg 768w, https:\/\/www.adolf-koch.de\/wp-content\/uploads\/2026\/01\/a_pickleball_paddle_with_two_pickleballs-999x1536.jpg 999w, https:\/\/www.adolf-koch.de\/wp-content\/uploads\/2026\/01\/a_pickleball_paddle_with_two_pickleballs-1332x2048.jpg 1332w, https:\/\/www.adolf-koch.de\/wp-content\/uploads\/2026\/01\/a_pickleball_paddle_with_two_pickleballs-8x12.jpg 8w, https:\/\/www.adolf-koch.de\/wp-content\/uploads\/2026\/01\/a_pickleball_paddle_with_two_pickleballs-1024x1574.jpg 1024w, https:\/\/www.adolf-koch.de\/wp-content\/uploads\/2026\/01\/a_pickleball_paddle_with_two_pickleballs-702x1080.jpg 702w, https:\/\/www.adolf-koch.de\/wp-content\/uploads\/2026\/01\/a_pickleball_paddle_with_two_pickleballs-scaled.jpg 1665w\" sizes=\"(max-width: 195px) 100vw, 195px\" \/><\/a><\/div><\/div><\/div>","protected":false},"excerpt":{"rendered":"<p>Pickleball<\/p>","protected":false},"author":4,"featured_media":0,"parent":12,"menu_order":0,"comment_status":"closed","ping_status":"closed","template":"","meta":{"ngg_post_thumbnail":0,"footnotes":"","_links_to":"","_links_to_target":""},"class_list":["post-28087","page","type-page","status-publish","hentry"],"_links":{"self":[{"href":"https:\/\/www.adolf-koch.de\/en_gb\/wp-json\/wp\/v2\/pages\/28087"}],"collection":[{"href":"https:\/\/www.adolf-koch.de\/en_gb\/wp-json\/wp\/v2\/pages"}],"about":[{"href":"https:\/\/www.adolf-koch.de\/en_gb\/wp-json\/wp\/v2\/types\/page"}],"author":[{"embeddable":true,"href":"https:\/\/www.adolf-koch.de\/en_gb\/wp-json\/wp\/v2\/users\/4"}],"replies":[{"embeddable":true,"href":"https:\/\/www.adolf-koch.de\/en_gb\/wp-json\/wp\/v2\/comments?post=28087"}],"version-history":[{"count":13,"href":"https:\/\/www.adolf-koch.de\/en_gb\/wp-json\/wp\/v2\/pages\/28087\/revisions"}],"predecessor-version":[{"id":28134,"href":"https:\/\/www.adolf-koch.de\/en_gb\/wp-json\/wp\/v2\/pages\/28087\/revisions\/28134"}],"up":[{"embeddable":true,"href":"https:\/\/www.adolf-koch.de\/en_gb\/wp-json\/wp\/v2\/pages\/12"}],"wp:attachment":[{"href":"https:\/\/www.adolf-koch.de\/en_gb\/wp-json\/wp\/v2\/media?parent=28087"}],"curies":[{"name":"wp","href":"https:\/\/api.w.org\/{rel}","templated":true}]}}