{"id":9863,"date":"2019-04-15T21:47:14","date_gmt":"2019-04-15T21:47:14","guid":{"rendered":"http:\/\/wordpress.adolf-koch.de\/?page_id=9863"},"modified":"2024-12-28T23:23:07","modified_gmt":"2024-12-28T22:23:07","slug":"mitgliedschaft","status":"publish","type":"page","link":"https:\/\/www.adolf-koch.de\/en_gb\/mitmachen\/mitgliedschaft\/","title":{"rendered":"Membership"},"content":{"rendered":"<p><!--\n\n\n<h3><span style=\"display: inline-block; width: 0px; overflow: hidden; line-height: 0;\" data-mce-type=\"bookmark\" class=\"mce_SELRES_start\"><\/span>Mitglied werden<\/h3>\n\n\n--><br \/>\n<div class=\"su-row\"><div class=\"su-column su-column-size-1-2\"><div class=\"su-column-inner su-u-clearfix su-u-trim\">\n<h4>Would you like to become a member?<\/h4>\n<p>Then come by for a trial training session and get to know us!<br \/>\n<a href=\"\/en_gb\/mitmachen\/probeteilnahme\/\" data-no-auto-translation=\"\">Here<\/a> you'll learn more. <\/p>\n<p>\nQuestions about membership? <a href=\"\/en_gb\/faq\/\" data-no-auto-translation=\"\">Here<\/a> you can find more information. <\/p>\n<p>If you decide to become a member, please fill out our <a href=\"https:\/\/easyverein.com\/public\/AdolfKoch\/applicationform\/3508\" target=\"blank\" rel=\"noopener noreferrer\" title=\"Membership Form\" data-no-auto-translation=\"\">Online-Mitgliedsantrag<\/a> out of. If you have problems filling it out and\/or need a paper application for membership, please contact our membership administration (membermanagement@adolf-koch.de). <\/p>\n<p>If your application is accepted by the board, membership will begin as soon as your first (prorated) annual fee has been received.<\/p>\n<div class=\"su-spacer\" style=\"height:20px\"><\/div>\n<p><a href=\"https:\/\/easyverein.com\/public\/AdolfKoch\/applicationform\/3508\" target=\"blank\" rel=\"noopener noreferrer\" data-no-auto-translation=\"\"><img decoding=\"async\" src=\"https:\/\/www.adolf-koch.de\/wp-content\/uploads\/2023\/05\/MA_new-1-300x61.png\" alt=\"\" width=\"400\" class=\"aligncenter size-medium wp-image-25702\" srcset=\"https:\/\/www.adolf-koch.de\/wp-content\/uploads\/2023\/05\/MA_new-1-300x61.png 300w, https:\/\/www.adolf-koch.de\/wp-content\/uploads\/2023\/05\/MA_new-1-768x157.png 768w, https:\/\/www.adolf-koch.de\/wp-content\/uploads\/2023\/05\/MA_new-1-18x4.png 18w, https:\/\/www.adolf-koch.de\/wp-content\/uploads\/2023\/05\/MA_new-1.png 961w\" sizes=\"(max-width: 300px) 100vw, 300px\" \/><\/a><\/p>\n<p><!--\n<strong>Du m\u00f6chtest Mitglied werden, ohne am Sport teilzunehmen?<\/strong>\n\nDann kommt f\u00fcr Dich vielleicht eine passive Mitgliedschaft in Frage. Setze Dich bitte mit uns in Verbindung. --><\/p>\n<p><!--&#091;su_divider top=\"no\" size=\"1\"&#093;\n\n&#091;su_accordion&#093;&#091;su_spoiler title=\"Du bist an einer Mitgliedschaft interessiert?\" open=\"no\" style=\"fancy\" icon=\"plus\" anchor=\"\" class=\"\"&#093;Dann komm zum Probetraining vorbei!\n<a href=\"\/mitmachen\/probeteilnahme\/\">Hier<\/a> erf\u00e4hrst Du mehr. &#091;\/su_spoiler&#093;\n\n&#091;su_spoiler title=\"Du m\u00f6chtest Mitglied werden?\" open=\"no\" style=\"fancy\" icon=\"plus\" anchor=\"\" class=\"\"&#093;Wenn Du Dich f\u00fcr eine Mitgliedschaft entscheidest, ben\u00f6tigen wir von Dir einen ausgef\u00fcllten <a href=\"\/wp-content\/uploads\/2022\/01\/Aufnahmeantrag.pdf\"\" target=\"blank\" rel=\"noopener noreferrer\">Aufnahmeantrag<\/a> und ein Passbild (muss nicht biometrisch sein). Wenn Dein Antrag angenommen wurde, beginnt die Mitgliedschaft, sobald Dein erster (anteiliger) Jahresbeitrag eingegangen ist.\n&#091;\/su_spoiler&#093;\n\n&#091;su_spoiler title=\"Du m\u00f6chtest Mitglied werden, ohne am Training teilzunehmen?\" open=\"no\" style=\"fancy\" icon=\"plus\" anchor=\"\" class=\"\"&#093;Dann setze Dich bitte mit uns in Verbindung. Gerne informieren wir Dich \u00fcber die M\u00f6glichkeiten, z. B. der passiven Mitgliedschaft.\n\n&#091;\/su_spoiler&#093;&#091;\/su_accordion&#093;\n&#091;su_divider top=\"no\" size=\"1\"&#093;--><\/p>\n<\/div><\/div>\n<div class=\"su-column su-column-size-1-2\"><div class=\"su-column-inner su-u-clearfix su-u-trim\">\n<div class=\"su-box su-box-style-default\" id=\"\" style=\"border-color:#aba9a9;border-radius:5px;max-width:none\"><div class=\"su-box-title\" style=\"background-color:#dedcdc;color:#000000;border-top-left-radius:3px;border-top-right-radius:3px\">Contributions<\/div><div class=\"su-box-content su-u-clearfix su-u-trim\" style=\"border-bottom-left-radius:3px;border-bottom-right-radius:3px\">\n<div class=\"su-table su-table-alternate\">\n<table>\n<tbody>\n<tr>\n<th><\/th>\n<th>per month<\/th>\n<\/tr>\n<tr>\n<td>Adults (including children) <\/td>\n<td align=\"right\">12,50\u20ac<\/td>\n<\/tr>\n<tr>\n<td><em>reduced<\/em>**<\/td>\n<td align=\"right\">5\u20ac<\/td>\n<\/tr>\n<tr>\n<td>Families* (incl. children)<\/td>\n<td align=\"right\">20\u20ac<\/td>\n<\/tr>\n<tr>\n<td><em>reduced<\/em>**<\/td>\n<td align=\"right\">8\u20ac<\/td>\n<\/tr>\n<tr>\n<td>Children\/Teenager up to 17 years<\/td>\n<td align=\"right\">4,60\u20ac<\/td>\n<\/tr>\n<tr>\n<td><em>reduced<\/em>**<\/td>\n<td align=\"right\">2\u20ac<\/td>\n<\/tr>\n<tr>\n<td>Passive members<\/td>\n<td align=\"right\">4\u20ac<\/td>\n<\/tr>\n<tr>\n<td>Families* as passive members<\/td>\n<td align=\"right\">6,80\u20ac<\/td>\n<\/tr>\n<\/tbody>\n<\/table>\n<\/div>\n<h5><span class=\"maron\"> *Families: <\/span><\/h5>\n<p>Adult members who have a long-term partnership can request to be managed as a family. If there are more than 2 adult members in the family (e.g. in multi-parent families), the monthly family contribution is calculated as the number of adult members x \u20ac10 (e.g. \u20ac30 for 3 adults).<br \/>\nThe contribution for the family also includes the contribution for children under 18, this also applies to individual memberships. The contribution for children only has to be paid if neither parent is a member.<\/p>\n<h5><span class=\"maron\"> **Reduced membership: <\/span><\/h5>\n<p>Members\/families can apply for a reduced fee based on social\/financial considerations. The discount is valid for one calendar year and can be renewed.<\/p>\n<\/div><\/div>\n<\/div><\/div><\/div>","protected":false},"excerpt":{"rendered":"","protected":false},"author":1,"featured_media":0,"parent":1243,"menu_order":0,"comment_status":"closed","ping_status":"closed","template":"","meta":{"ngg_post_thumbnail":0,"footnotes":"","_links_to":"","_links_to_target":""},"class_list":["post-9863","page","type-page","status-publish","hentry"],"_links":{"self":[{"href":"https:\/\/www.adolf-koch.de\/en_gb\/wp-json\/wp\/v2\/pages\/9863"}],"collection":[{"href":"https:\/\/www.adolf-koch.de\/en_gb\/wp-json\/wp\/v2\/pages"}],"about":[{"href":"https:\/\/www.adolf-koch.de\/en_gb\/wp-json\/wp\/v2\/types\/page"}],"author":[{"embeddable":true,"href":"https:\/\/www.adolf-koch.de\/en_gb\/wp-json\/wp\/v2\/users\/1"}],"replies":[{"embeddable":true,"href":"https:\/\/www.adolf-koch.de\/en_gb\/wp-json\/wp\/v2\/comments?post=9863"}],"version-history":[{"count":93,"href":"https:\/\/www.adolf-koch.de\/en_gb\/wp-json\/wp\/v2\/pages\/9863\/revisions"}],"predecessor-version":[{"id":27288,"href":"https:\/\/www.adolf-koch.de\/en_gb\/wp-json\/wp\/v2\/pages\/9863\/revisions\/27288"}],"up":[{"embeddable":true,"href":"https:\/\/www.adolf-koch.de\/en_gb\/wp-json\/wp\/v2\/pages\/1243"}],"wp:attachment":[{"href":"https:\/\/www.adolf-koch.de\/en_gb\/wp-json\/wp\/v2\/media?parent=9863"}],"curies":[{"name":"wp","href":"https:\/\/api.w.org\/{rel}","templated":true}]}}